{"id":937,"date":"2026-04-21T11:55:36","date_gmt":"2026-04-21T11:55:36","guid":{"rendered":"https:\/\/xn--begoadecaceres-tnb.es\/?page_id=937"},"modified":"2026-04-21T12:05:27","modified_gmt":"2026-04-21T12:05:27","slug":"politica-de-privacidad","status":"publish","type":"page","link":"https:\/\/xn--begoadecaceres-tnb.es\/en\/politica-de-privacidad\/","title":{"rendered":"Pol\u00edtica de privacidad"},"content":{"rendered":"<div data-elementor-type=\"wp-page\" data-elementor-id=\"937\" class=\"elementor elementor-937\">\n\t\t\t\t\t\t<section class=\"elementor-section elementor-top-section elementor-element elementor-element-f0b1a99 elementor-section-height-min-height elementor-section-items-top elementor-section-content-top elementor-section-boxed elementor-section-height-default wpr-jarallax-no wpr-sticky-section-no wpr-equal-height-no\" data-id=\"f0b1a99\" data-element_type=\"section\" data-e-type=\"section\" data-settings=\"{&quot;background_background&quot;:&quot;classic&quot;}\">\n\t\t\t\t\t\t\t<div class=\"elementor-background-overlay\"><\/div>\n\t\t\t\t\t\t\t<div class=\"elementor-container elementor-column-gap-default\">\n\t\t\t\t\t<div class=\"elementor-column elementor-col-100 elementor-top-column elementor-element elementor-element-8d6335c\" data-id=\"8d6335c\" data-element_type=\"column\" data-e-type=\"column\">\n\t\t\t<div class=\"elementor-widget-wrap elementor-element-populated\">\n\t\t\t\t\t\t<div class=\"elementor-element elementor-element-10c1323 elementor-widget elementor-widget-heading\" data-id=\"10c1323\" data-element_type=\"widget\" data-e-type=\"widget\" data-widget_type=\"heading.default\">\n\t\t\t\t\t<h1 class=\"elementor-heading-title elementor-size-default\">Pol\u00edtica de privacidad<\/h1>\t\t\t\t<\/div>\n\t\t\t\t\t<\/div>\n\t\t<\/div>\n\t\t\t\t\t<\/div>\n\t\t<\/section>\n\t\t<div class=\"elementor-element elementor-element-f3bffcb e-flex e-con-boxed wpr-particle-no wpr-jarallax-no wpr-parallax-no wpr-sticky-section-no wpr-equal-height-no e-con e-parent\" data-id=\"f3bffcb\" data-element_type=\"container\" data-e-type=\"container\">\n\t\t\t\t\t<div class=\"e-con-inner\">\n\t\t\t\t<div class=\"elementor-element elementor-element-bbdf803 elementor-widget elementor-widget-text-editor\" data-id=\"bbdf803\" data-element_type=\"widget\" data-e-type=\"widget\" data-widget_type=\"text-editor.default\">\n\t\t\t\t\t\t\t\t\t<p>En Bego\u00f1a de C\u00e1ceres nos preocupamos por la privacidad y la transparencia.<\/p><p>A continuaci\u00f3n, le indicamos en detalle los tratamientos de datos personales que realizamos, as\u00ed como toda la informaci\u00f3n relativa a los mismos.<\/p>\t\t\t\t\t\t\t\t<\/div>\n\t\t\t\t<div class=\"elementor-element elementor-element-a3ad989 elementor-widget elementor-widget-text-editor\" data-id=\"a3ad989\" data-element_type=\"widget\" data-e-type=\"widget\" data-widget_type=\"text-editor.default\">\n\t\t\t\t\t\t\t\t\t<p class=\"elementor-heading-title elementor-size-default\"><span style=\"text-decoration: underline;\"><strong>Informaci\u00f3n b\u00e1sica sobre Protecci\u00f3n de datos<\/strong><\/span><\/p><table width=\"584\"><tbody><tr><td width=\"180\"><strong>Responsable:<\/strong><\/td><td width=\"404\">Bego\u00f1a de C\u00e1ceres Bellido<\/td><\/tr><tr><td width=\"180\"><strong>Finalidad:<\/strong><\/td><td width=\"404\">Atender su solicitud y enviarle comunicaciones promocionales<\/td><\/tr><tr><td width=\"180\"><strong>Legitimaci\u00f3n:<\/strong><\/td><td width=\"404\"><p>Ejecuci\u00f3n de un contrato.<\/p><p>Consentimiento del interesado.<\/p><p>Inter\u00e9s leg\u00edtimo del Responsable.<\/p><\/td><\/tr><tr><td width=\"180\"><strong>Destinatarios:<\/strong><\/td><td width=\"404\">Est\u00e1n previstas cesiones de datos a: Asociaci\u00f3n provincial.<br \/>Est\u00e1n previstas transferencias a terceros pa\u00edses.<\/td><\/tr><tr><td width=\"180\"><strong>Derechos:<\/strong><\/td><td width=\"404\">Tiene derecho a acceder, rectificar y suprimir los datos, as\u00ed como otros derechos, indicados en la informaci\u00f3n adicional, que puede ejercer dirigi\u00e9ndose a begodecaceresperfumeria@gmail.com<\/td><\/tr><tr><td width=\"180\"><strong>Procedencia:<\/strong><\/td><td width=\"404\">El propio interesado<\/td><\/tr><\/tbody><\/table><p>\u00a0<\/p><p class=\"elementor-heading-title elementor-size-default\"><span style=\"text-decoration: underline;\"><strong>Informaci\u00f3n completa sobre Protecci\u00f3n de datos<\/strong><\/span><\/p>\t\t\t\t\t\t\t\t<\/div>\n\t\t\t\t<div class=\"elementor-element elementor-element-2e29e74 elementor-widget elementor-widget-text-editor\" data-id=\"2e29e74\" data-element_type=\"widget\" data-e-type=\"widget\" data-widget_type=\"text-editor.default\">\n\t\t\t\t\t\t\t\t\t<p class=\"elementor-heading-title elementor-size-default\">1. \u00bfQui\u00e9n es el responsable del tratamiento de sus datos?<\/p>\t\t\t\t\t\t\t\t<\/div>\n\t\t\t\t<div class=\"elementor-element elementor-element-4b59823 elementor-widget elementor-widget-text-editor\" data-id=\"4b59823\" data-element_type=\"widget\" data-e-type=\"widget\" data-widget_type=\"text-editor.default\">\n\t\t\t\t\t\t\t\t\t<p>Bego\u00f1a de C\u00e1ceres Bellido<\/p><p>12323545F<\/p><p>Plaza Mayor de la Hispanidad 28. 47409 Medina del Campo. Valladolid.<\/p><p>begodecaceresperfumeria@gmail.com<\/p>\t\t\t\t\t\t\t\t<\/div>\n\t\t\t\t<div class=\"elementor-element elementor-element-c06d512 elementor-widget elementor-widget-text-editor\" data-id=\"c06d512\" data-element_type=\"widget\" data-e-type=\"widget\" data-widget_type=\"text-editor.default\">\n\t\t\t\t\t\t\t\t\t<p class=\"elementor-heading-title elementor-size-default\">2. \u00bfCon qu\u00e9 finalidad tratamos sus datos personales?<\/p>\t\t\t\t\t\t\t\t<\/div>\n\t\t\t\t<div class=\"elementor-element elementor-element-108a907 elementor-widget elementor-widget-text-editor\" data-id=\"108a907\" data-element_type=\"widget\" data-e-type=\"widget\" data-widget_type=\"text-editor.default\">\n\t\t\t\t\t\t\t\t\t<p>En Bego\u00f1a de C\u00e1ceres tratamos la informaci\u00f3n que nos facilitan las personas interesadas con el fin de realizar la gesti\u00f3n de potenciales asociados que se han interesado sobre nuestros servicios, as\u00ed como otros contactos profesionales y realizar, en su caso, el env\u00edo de comunicaciones promocionales, inclusive por v\u00eda electr\u00f3nica, los datos llegar\u00e1n a la Asociaci\u00f3n desde la que se solicita el alta. En el caso de que no facilite sus datos personales, no podremos cumplir con las finalidades descritas.<\/p><p>No se van a tomar decisiones automatizadas en base a los datos proporcionados.<\/p>\t\t\t\t\t\t\t\t<\/div>\n\t\t\t\t<div class=\"elementor-element elementor-element-5cc271c elementor-widget elementor-widget-text-editor\" data-id=\"5cc271c\" data-element_type=\"widget\" data-e-type=\"widget\" data-widget_type=\"text-editor.default\">\n\t\t\t\t\t\t\t\t\t<p class=\"elementor-heading-title elementor-size-default\">3. \u00bfPor cu\u00e1nto tiempo conservaremos sus datos?<\/p>\t\t\t\t\t\t\t\t<\/div>\n\t\t\t\t<div class=\"elementor-element elementor-element-6fbd64a elementor-widget elementor-widget-text-editor\" data-id=\"6fbd64a\" data-element_type=\"widget\" data-e-type=\"widget\" data-widget_type=\"text-editor.default\">\n\t\t\t\t\t\t\t\t\t<p>Los datos se conservar\u00e1n mientras el interesado no solicite su supresi\u00f3n.<\/p>\t\t\t\t\t\t\t\t<\/div>\n\t\t\t\t<div class=\"elementor-element elementor-element-4a23c74 elementor-widget elementor-widget-text-editor\" data-id=\"4a23c74\" data-element_type=\"widget\" data-e-type=\"widget\" data-widget_type=\"text-editor.default\">\n\t\t\t\t\t\t\t\t\t<p class=\"elementor-heading-title elementor-size-default\">4. \u00bfCu\u00e1l es la legitimaci\u00f3n para el tratamiento de sus datos?<\/p>\t\t\t\t\t\t\t\t<\/div>\n\t\t\t\t<div class=\"elementor-element elementor-element-0270b58 elementor-widget elementor-widget-text-editor\" data-id=\"0270b58\" data-element_type=\"widget\" data-e-type=\"widget\" data-widget_type=\"text-editor.default\">\n\t\t\t\t\t\t\t\t\t<p>Le indicamos la base legal para el tratamiento de sus datos:<\/p><ul><li>Ejecuci\u00f3n de un contrato: Gesti\u00f3n de potenciales asociados que se han interesado sobre nuestros servicios. (RGPD, art. 6.1.b).<\/li><li>Consentimiento del interesado: Enviar comunicaciones promocionales, inclusive por v\u00eda electr\u00f3nica. (RGPD, art. 6.1.a, LSSICE art.21).<\/li><li>Inter\u00e9s leg\u00edtimo del Responsable: Gesti\u00f3n de los datos de contacto profesionales (LOPDGDD art.19, RGPD art. 6.1.f).<\/li><\/ul>\t\t\t\t\t\t\t\t<\/div>\n\t\t\t\t<div class=\"elementor-element elementor-element-aa27f10 elementor-widget elementor-widget-text-editor\" data-id=\"aa27f10\" data-element_type=\"widget\" data-e-type=\"widget\" data-widget_type=\"text-editor.default\">\n\t\t\t\t\t\t\t\t\t<p class=\"elementor-heading-title elementor-size-default\">5. \u00bfA qu\u00e9 destinatarios se comunicar\u00e1n sus datos?<\/p>\t\t\t\t\t\t\t\t<\/div>\n\t\t\t\t<div class=\"elementor-element elementor-element-1dadc2c elementor-widget elementor-widget-text-editor\" data-id=\"1dadc2c\" data-element_type=\"widget\" data-e-type=\"widget\" data-widget_type=\"text-editor.default\">\n\t\t\t\t\t\t\t\t\t<p>No se ceder\u00e1n datos a terceros, salvo obligaci\u00f3n legal.<\/p>\t\t\t\t\t\t\t\t<\/div>\n\t\t\t\t<div class=\"elementor-element elementor-element-ab4733d elementor-widget elementor-widget-text-editor\" data-id=\"ab4733d\" data-element_type=\"widget\" data-e-type=\"widget\" data-widget_type=\"text-editor.default\">\n\t\t\t\t\t\t\t\t\t<p class=\"elementor-heading-title elementor-size-default\">6. Transferencias de datos a terceros pa\u00edses<\/p>\t\t\t\t\t\t\t\t<\/div>\n\t\t\t\t<div class=\"elementor-element elementor-element-8ed4e7c elementor-widget elementor-widget-text-editor\" data-id=\"8ed4e7c\" data-element_type=\"widget\" data-e-type=\"widget\" data-widget_type=\"text-editor.default\">\n\t\t\t\t\t\t\t\t\t<p>Est\u00e1n previstas las siguientes transferencias de datos a terceros pa\u00edses:<\/p><ul><li>Microsoft Corporation\/Office 365, con la finalidad de Alojamiento de datos. La garant\u00eda para esta transferencia se ha establecido a trav\u00e9s de: Cl\u00e1usulas tipo de protecci\u00f3n de datos. Puede consultar informaci\u00f3n adicional en: https:\/\/www.microsoft.com\/licensing\/docs\/view\/Professional-Services-Data-Protection-Addendum-DPA?lang=31.<\/li><li>Google Analyst: https:\/\/support.google.com\/analytics\/answer\/7318509?hl=es<\/li><li>Meta: https:\/\/www.meta.com\/es\/legal\/privacy-policy\/?srsltid=AfmBOopxKmF4c0rfgL950VgYVO1Zzqq_QMg1-AUrA8T9qdCpzdwj_-4b.<\/li><\/ul>\t\t\t\t\t\t\t\t<\/div>\n\t\t\t\t<div class=\"elementor-element elementor-element-03e83c4 elementor-widget elementor-widget-text-editor\" data-id=\"03e83c4\" data-element_type=\"widget\" data-e-type=\"widget\" data-widget_type=\"text-editor.default\">\n\t\t\t\t\t\t\t\t\t<p class=\"elementor-heading-title elementor-size-default\">7. \u00bfCu\u00e1les son sus derechos cuando nos facilita sus datos?<\/p>\t\t\t\t\t\t\t\t<\/div>\n\t\t\t\t<div class=\"elementor-element elementor-element-47d84fd elementor-widget elementor-widget-text-editor\" data-id=\"47d84fd\" data-element_type=\"widget\" data-e-type=\"widget\" data-widget_type=\"text-editor.default\">\n\t\t\t\t\t\t\t\t\t<p>Cualquier persona tiene derecho a obtener confirmaci\u00f3n sobre si en Bego\u00f1a de C\u00e1ceres estamos tratando, o no, datos personales que les conciernan.<\/p><p>Las personas interesadas tienen derecho a acceder a sus datos personales, as\u00ed como a solicitar la rectificaci\u00f3n de los datos inexactos o, en su caso, solicitar su supresi\u00f3n cuando, entre otros motivos, los datos ya no sean necesarios para los fines que fueron recogidos. Igualmente tiene derecho a la portabilidad de sus datos.<\/p><p>En determinadas circunstancias, los interesados podr\u00e1n solicitar la limitaci\u00f3n del tratamiento de sus datos, en cuyo caso \u00fanicamente los conservaremos para el ejercicio o la defensa de reclamaciones.<\/p><p>En determinadas circunstancias y por motivos relacionados con su situaci\u00f3n particular, los interesados podr\u00e1n oponerse al tratamiento de sus datos. En este caso, Bego\u00f1a de C\u00e1ceres dejar\u00e1 de tratar los datos, salvo por motivos leg\u00edtimos imperiosos, o el ejercicio o la defensa de posibles reclamaciones.<\/p><p>Podr\u00e1 ejercitar materialmente sus derechos de la siguiente forma: dirigi\u00e9ndose a begodecaceresperfumeria@gmail.com<\/p><p>Cuando se realice el env\u00edo de comunicaciones comerciales utilizando como base jur\u00eddica el inter\u00e9s leg\u00edtimo del responsable, el interesado podr\u00e1 oponerse al tratamiento de sus datos con ese fin.<\/p><p>Si ha otorgado su consentimiento para alguna finalidad concreta, tiene derecho a retirar el consentimiento otorgado en cualquier momento, sin que ello afecte a la licitud del tratamiento basado en el consentimiento previo a su retirada.<\/p><p>En caso de que sienta vulnerados sus derechos en lo concerniente a la protecci\u00f3n de sus datos personales, especialmente cuando no haya obtenido satisfacci\u00f3n en el ejercicio de sus derechos, puede presentar una reclamaci\u00f3n ante la Autoridad de Control en materia de Protecci\u00f3n de Datos competente a trav\u00e9s de su sitio web: www.aepd.es.<\/p>\t\t\t\t\t\t\t\t<\/div>\n\t\t\t\t<div class=\"elementor-element elementor-element-7f0562f elementor-widget elementor-widget-text-editor\" data-id=\"7f0562f\" data-element_type=\"widget\" data-e-type=\"widget\" data-widget_type=\"text-editor.default\">\n\t\t\t\t\t\t\t\t\t<p class=\"elementor-heading-title elementor-size-default\">8. \u00bfC\u00f3mo hemos obtenido sus datos?<\/p>\t\t\t\t\t\t\t\t<\/div>\n\t\t\t\t<div class=\"elementor-element elementor-element-d122e6f elementor-widget elementor-widget-text-editor\" data-id=\"d122e6f\" data-element_type=\"widget\" data-e-type=\"widget\" data-widget_type=\"text-editor.default\">\n\t\t\t\t\t\t\t\t\t<p>Los datos personales que tratamos en Bego\u00f1a de C\u00e1ceres proceden de: El propio interesado.<\/p>\t\t\t\t\t\t\t\t<\/div>\n\t\t\t\t\t<\/div>\n\t\t\t\t<\/div>\n\t\t\t\t<\/div>","protected":false},"excerpt":{"rendered":"<p>Pol\u00edtica de privacidad En Bego\u00f1a de C\u00e1ceres nos preocupamos por la privacidad y la transparencia. A continuaci\u00f3n, le indicamos en detalle los tratamientos de datos personales que realizamos, as\u00ed como toda la informaci\u00f3n relativa a los mismos. Informaci\u00f3n b\u00e1sica sobre Protecci\u00f3n de datos Responsable: Bego\u00f1a de C\u00e1ceres Bellido Finalidad: Atender su solicitud y enviarle comunicaciones promocionales Legitimaci\u00f3n: Ejecuci\u00f3n de un contrato. Consentimiento del interesado. Inter\u00e9s leg\u00edtimo del Responsable. Destinatarios: Est\u00e1n previstas cesiones de datos a: Asociaci\u00f3n provincial.Est\u00e1n previstas transferencias a terceros pa\u00edses. Derechos: Tiene derecho a acceder, rectificar y suprimir los datos, as\u00ed como otros derechos, indicados en la informaci\u00f3n adicional, que puede ejercer dirigi\u00e9ndose a begodecaceresperfumeria@gmail.com Procedencia: El propio interesado \u00a0 Informaci\u00f3n completa sobre Protecci\u00f3n de datos 1. \u00bfQui\u00e9n es el responsable del tratamiento de sus datos? Bego\u00f1a de C\u00e1ceres Bellido 12323545F Plaza Mayor de la Hispanidad 28. 47409 Medina del Campo. Valladolid. begodecaceresperfumeria@gmail.com 2. \u00bfCon qu\u00e9 finalidad tratamos sus datos personales? En Bego\u00f1a de C\u00e1ceres tratamos la informaci\u00f3n que nos facilitan las personas interesadas con el fin de realizar la gesti\u00f3n de potenciales asociados que se han interesado sobre nuestros servicios, as\u00ed como otros contactos profesionales y realizar, en su caso, el env\u00edo de comunicaciones promocionales, inclusive por v\u00eda electr\u00f3nica, los datos llegar\u00e1n a la Asociaci\u00f3n desde la que se solicita el alta. En el caso de que no facilite sus datos personales, no podremos cumplir con las finalidades descritas. No se van a tomar decisiones automatizadas en base a los datos proporcionados. 3. \u00bfPor cu\u00e1nto tiempo conservaremos sus datos? Los datos se conservar\u00e1n mientras el interesado no solicite su supresi\u00f3n. 4. \u00bfCu\u00e1l es la legitimaci\u00f3n para el tratamiento de sus datos? Le indicamos la base legal para el tratamiento de sus datos: Ejecuci\u00f3n de un contrato: Gesti\u00f3n de potenciales asociados que se han interesado sobre nuestros servicios. (RGPD, art. 6.1.b). Consentimiento del interesado: Enviar comunicaciones promocionales, inclusive por v\u00eda electr\u00f3nica. (RGPD, art. 6.1.a, LSSICE art.21). Inter\u00e9s leg\u00edtimo del Responsable: Gesti\u00f3n de los datos de contacto profesionales (LOPDGDD art.19, RGPD art. 6.1.f). 5. \u00bfA qu\u00e9 destinatarios se comunicar\u00e1n sus datos? No se ceder\u00e1n datos a terceros, salvo obligaci\u00f3n legal. 6. Transferencias de datos a terceros pa\u00edses Est\u00e1n previstas las siguientes transferencias de datos a terceros pa\u00edses: Microsoft Corporation\/Office 365, con la finalidad de Alojamiento de datos. La garant\u00eda para esta transferencia se ha establecido a trav\u00e9s de: Cl\u00e1usulas tipo de protecci\u00f3n de datos. Puede consultar informaci\u00f3n adicional en: https:\/\/www.microsoft.com\/licensing\/docs\/view\/Professional-Services-Data-Protection-Addendum-DPA?lang=31. Google Analyst: https:\/\/support.google.com\/analytics\/answer\/7318509?hl=es Meta: https:\/\/www.meta.com\/es\/legal\/privacy-policy\/?srsltid=AfmBOopxKmF4c0rfgL950VgYVO1Zzqq_QMg1-AUrA8T9qdCpzdwj_-4b. 7. \u00bfCu\u00e1les son sus derechos cuando nos facilita sus datos? Cualquier persona tiene derecho a obtener confirmaci\u00f3n sobre si en Bego\u00f1a de C\u00e1ceres estamos tratando, o no, datos personales que les conciernan. Las personas interesadas tienen derecho a acceder a sus datos personales, as\u00ed como a solicitar la rectificaci\u00f3n de los datos inexactos o, en su caso, solicitar su supresi\u00f3n cuando, entre otros motivos, los datos ya no sean necesarios para los fines que fueron recogidos. Igualmente tiene derecho a la portabilidad de sus datos. En determinadas circunstancias, los interesados podr\u00e1n solicitar la limitaci\u00f3n del tratamiento de sus datos, en cuyo caso \u00fanicamente los conservaremos para el ejercicio o la defensa de reclamaciones. En determinadas circunstancias y por motivos relacionados con su situaci\u00f3n particular, los interesados podr\u00e1n oponerse al tratamiento de sus datos. En este caso, Bego\u00f1a de C\u00e1ceres dejar\u00e1 de tratar los datos, salvo por motivos leg\u00edtimos imperiosos, o el ejercicio o la defensa de posibles reclamaciones. Podr\u00e1 ejercitar materialmente sus derechos de la siguiente forma: dirigi\u00e9ndose a begodecaceresperfumeria@gmail.com Cuando se realice el env\u00edo de comunicaciones comerciales utilizando como base jur\u00eddica el inter\u00e9s leg\u00edtimo del responsable, el interesado podr\u00e1 oponerse al tratamiento de sus datos con ese fin. Si ha otorgado su consentimiento para alguna finalidad concreta, tiene derecho a retirar el consentimiento otorgado en cualquier momento, sin que ello afecte a la licitud del tratamiento basado en el consentimiento previo a su retirada. En caso de que sienta vulnerados sus derechos en lo concerniente a la protecci\u00f3n de sus datos personales, especialmente cuando no haya obtenido satisfacci\u00f3n en el ejercicio de sus derechos, puede presentar una reclamaci\u00f3n ante la Autoridad de Control en materia de Protecci\u00f3n de Datos competente a trav\u00e9s de su sitio web: www.aepd.es. 8. \u00bfC\u00f3mo hemos obtenido sus datos? Los datos personales que tratamos en Bego\u00f1a de C\u00e1ceres proceden de: El propio interesado.<\/p>","protected":false},"author":1,"featured_media":0,"parent":0,"menu_order":0,"comment_status":"closed","ping_status":"closed","template":"","meta":{"_kadence_starter_templates_imported_post":true,"_kad_post_transparent":"","_kad_post_title":"hide","_kad_post_layout":"fullwidth","_kad_post_sidebar_id":"","_kad_post_content_style":"unboxed","_kad_post_vertical_padding":"hide","_kad_post_feature":"hide","_kad_post_feature_position":"","_kad_post_header":false,"_kad_post_footer":false,"_kad_post_classname":"","footnotes":""},"class_list":["post-937","page","type-page","status-publish","hentry"],"_links":{"self":[{"href":"https:\/\/xn--begoadecaceres-tnb.es\/en\/wp-json\/wp\/v2\/pages\/937","targetHints":{"allow":["GET"]}}],"collection":[{"href":"https:\/\/xn--begoadecaceres-tnb.es\/en\/wp-json\/wp\/v2\/pages"}],"about":[{"href":"https:\/\/xn--begoadecaceres-tnb.es\/en\/wp-json\/wp\/v2\/types\/page"}],"author":[{"embeddable":true,"href":"https:\/\/xn--begoadecaceres-tnb.es\/en\/wp-json\/wp\/v2\/users\/1"}],"replies":[{"embeddable":true,"href":"https:\/\/xn--begoadecaceres-tnb.es\/en\/wp-json\/wp\/v2\/comments?post=937"}],"version-history":[{"count":7,"href":"https:\/\/xn--begoadecaceres-tnb.es\/en\/wp-json\/wp\/v2\/pages\/937\/revisions"}],"predecessor-version":[{"id":944,"href":"https:\/\/xn--begoadecaceres-tnb.es\/en\/wp-json\/wp\/v2\/pages\/937\/revisions\/944"}],"wp:attachment":[{"href":"https:\/\/xn--begoadecaceres-tnb.es\/en\/wp-json\/wp\/v2\/media?parent=937"}],"curies":[{"name":"wp","href":"https:\/\/api.w.org\/{rel}","templated":true}]}}